{"id":66995,"date":"2026-03-17T10:26:28","date_gmt":"2026-03-17T15:26:28","guid":{"rendered":"https:\/\/ajoem.net\/?page_id=66995"},"modified":"2026-03-17T11:51:19","modified_gmt":"2026-03-17T16:51:19","slug":"suscribete-en-ajoem","status":"publish","type":"page","link":"https:\/\/ajoem.net\/en\/suscribete-en-ajoem\/","title":{"rendered":"Suscr\u00edbete en AJOEM"},"content":{"rendered":"<div data-elementor-type=\"wp-page\" data-elementor-id=\"66995\" class=\"elementor elementor-66995\" data-elementor-post-type=\"page\">\n\t\t\t\t\t\t<section class=\"elementor-section elementor-top-section elementor-element elementor-element-7df4cadf elementor-section-boxed elementor-section-height-default elementor-section-height-default\" data-id=\"7df4cadf\" data-element_type=\"section\" data-e-type=\"section\">\n\t\t\t\t\t\t<div class=\"elementor-container elementor-column-gap-default\">\n\t\t\t\t\t<div class=\"elementor-column elementor-col-100 elementor-top-column elementor-element elementor-element-236c2fa4 elementor-invisible\" data-id=\"236c2fa4\" data-element_type=\"column\" data-e-type=\"column\" data-settings=\"{&quot;background_background&quot;:&quot;classic&quot;,&quot;animation&quot;:&quot;fadeIn&quot;}\">\n\t\t\t<div class=\"elementor-widget-wrap elementor-element-populated\">\n\t\t\t\t\t<div class=\"elementor-background-overlay\"><\/div>\n\t\t\t\t\t\t<div class=\"elementor-element elementor-element-5c38585c elementor-widget elementor-widget-heading\" data-id=\"5c38585c\" data-element_type=\"widget\" data-e-type=\"widget\" data-widget_type=\"heading.default\">\n\t\t\t\t<div class=\"elementor-widget-container\">\n\t\t\t\t\t<h2 class=\"elementor-heading-title elementor-size-default\">Suscr\u00edbete en nuestro newsletter<\/h2>\t\t\t\t<\/div>\n\t\t\t\t<\/div>\n\t\t\t\t<div class=\"elementor-element elementor-element-6847c3f elementor-widget elementor-widget-global elementor-global-66601 elementor-widget-text-editor\" data-id=\"6847c3f\" data-element_type=\"widget\" data-e-type=\"widget\" data-widget_type=\"text-editor.default\">\n\t\t\t\t<div class=\"elementor-widget-container\">\n\t\t\t\t\t\t\t\t\t<p><script>(function() {\n\twindow.mc4wp = window.mc4wp || {\n\t\tlisteners: [],\n\t\tforms: {\n\t\t\ton: function(evt, cb) {\n\t\t\t\twindow.mc4wp.listeners.push(\n\t\t\t\t\t{\n\t\t\t\t\t\tevent   : evt,\n\t\t\t\t\t\tcallback: cb\n\t\t\t\t\t}\n\t\t\t\t);\n\t\t\t}\n\t\t}\n\t}\n})();\n<\/script><!-- Mailchimp for WordPress v4.12.1 - https:\/\/wordpress.org\/plugins\/mailchimp-for-wp\/ --><form id=\"mc4wp-form-1\" class=\"mc4wp-form mc4wp-form-3796\" method=\"post\" data-id=\"3796\" data-name=\"Newsletter AJOEM\" data-typo-check=\"1\" action=\"\" ><div class=\"mc4wp-form-fields\"><p>\r\n    <label>Nombre<\/label>\r\n    <input type=\"text\" name=\"MMERGE5\" required=\"\">\r\n<\/p>\r\n<p>\r\n    <label>Apellido<\/label>\r\n    <input type=\"text\" name=\"MMERGE8\" required=\"\">\r\n<\/p>\r\n<p>\r\n\t<label>Email: <\/label>\r\n\t<input type=\"email\" name=\"EMAIL\" required \/>\r\n<\/p>\r\n<p>\r\n    <label>\r\n        <input type=\"checkbox\" name=\"AGREE_TO_TERMS\" value=\"1\" required=\"\"> <a href=\"https:\/\/ajoem.net\/en\/terminos-y-condiciones\/\" target=\"_blank\">I have read and agree to the terms &amp; conditions<\/a>\r\n    <\/label>\r\n<\/p>\r\n<p>\r\n\t<input type=\"submit\" value=\"Suscribirme\" \/>\r\n<\/p>\r\n<mc4wp-procaptcha class=\"mc4wp-procaptcha\" style=\"display: block;\"><div class=\"mc4wp-procaptcha__captcha\"><\/div><p class=\"mc4wp-procaptcha__validation-error\" style=\"visibility: hidden;color:red;line-height:1;font-size: 12px;padding: 7px 0 10px 10px;margin:0;\">Please verify that you are human.<\/p><\/mc4wp-procaptcha>\r\n<\/div><label style=\"display: none !important;\">Leave this field empty if you&#8217;re human: <input type=\"text\" name=\"_mc4wp_honeypot\" value=\"\" tabindex=\"-1\" autocomplete=\"off\" \/><\/label><input type=\"hidden\" name=\"_mc4wp_timestamp\" value=\"1775553001\" \/><input type=\"hidden\" name=\"_mc4wp_form_id\" value=\"3796\" \/><input type=\"hidden\" name=\"_mc4wp_form_element_id\" value=\"mc4wp-form-1\" \/><div class=\"mc4wp-response\"><\/div><input type=\"hidden\" name=\"trp-form-language\" value=\"en\"\/><\/form><!-- \/ Mailchimp for WordPress Plugin --><\/p>\t\t\t\t\t\t\t\t<\/div>\n\t\t\t\t<\/div>\n\t\t\t\t\t<\/div>\n\t\t<\/div>\n\t\t\t\t\t<\/div>\n\t\t<\/section>\n\t\t\t\t<\/div>","protected":false},"excerpt":{"rendered":"<p>Suscr\u00edbete en nuestro newsletter<\/p>","protected":false},"author":28,"featured_media":67006,"parent":0,"menu_order":0,"comment_status":"closed","ping_status":"closed","template":"","meta":{"_monsterinsights_skip_tracking":false,"_monsterinsights_sitenote_active":false,"_monsterinsights_sitenote_note":"","_monsterinsights_sitenote_category":0,"footnotes":""},"class_list":["post-66995","page","type-page","status-publish","has-post-thumbnail","hentry"],"yoast_head":"<!-- This site is optimized with the Yoast SEO plugin v27.3 - https:\/\/yoast.com\/product\/yoast-seo-wordpress\/ -->\n<title>Suscr\u00edbete en AJOEM - AJOEM Asociaci\u00f3n de J\u00f3venes Emprendedores<\/title>\n<meta name=\"robots\" content=\"index, follow, max-snippet:-1, max-image-preview:large, max-video-preview:-1\" \/>\n<link rel=\"canonical\" href=\"https:\/\/ajoem.net\/en\/suscribete-en-ajoem\/\" \/>\n<meta property=\"og:locale\" content=\"en_US\" \/>\n<meta property=\"og:type\" content=\"article\" \/>\n<meta property=\"og:title\" content=\"Suscr\u00edbete en AJOEM - AJOEM Asociaci\u00f3n de J\u00f3venes Emprendedores\" \/>\n<meta property=\"og:description\" content=\"Suscr\u00edbete en nuestro newsletter\" \/>\n<meta property=\"og:url\" content=\"https:\/\/ajoem.net\/en\/suscribete-en-ajoem\/\" \/>\n<meta property=\"og:site_name\" content=\"AJOEM Asociaci\u00f3n de J\u00f3venes Emprendedores\" \/>\n<meta property=\"article:modified_time\" content=\"2026-03-17T16:51:19+00:00\" \/>\n<meta property=\"og:image\" content=\"https:\/\/ajoem.net\/wp-content\/uploads\/Logo-AJOEM-Vertical-sin-fondo-e1773761667203.jpg\" \/>\n\t<meta property=\"og:image:width\" content=\"500\" \/>\n\t<meta property=\"og:image:height\" content=\"500\" \/>\n\t<meta property=\"og:image:type\" content=\"image\/jpeg\" \/>\n<meta name=\"twitter:card\" content=\"summary_large_image\" \/>\n<meta name=\"twitter:label1\" content=\"Est. reading time\" \/>\n\t<meta name=\"twitter:data1\" content=\"1 minute\" \/>\n<script type=\"application\/ld+json\" class=\"yoast-schema-graph\">{\"@context\":\"https:\\\/\\\/schema.org\",\"@graph\":[{\"@type\":\"WebPage\",\"@id\":\"https:\\\/\\\/ajoem.net\\\/suscribete-en-ajoem\\\/\",\"url\":\"https:\\\/\\\/ajoem.net\\\/suscribete-en-ajoem\\\/\",\"name\":\"Suscr\u00edbete en AJOEM - AJOEM Asociaci\u00f3n de J\u00f3venes Emprendedores\",\"isPartOf\":{\"@id\":\"https:\\\/\\\/ajoem.net\\\/#website\"},\"primaryImageOfPage\":{\"@id\":\"https:\\\/\\\/ajoem.net\\\/suscribete-en-ajoem\\\/#primaryimage\"},\"image\":{\"@id\":\"https:\\\/\\\/ajoem.net\\\/suscribete-en-ajoem\\\/#primaryimage\"},\"thumbnailUrl\":\"https:\\\/\\\/ajoem.net\\\/wp-content\\\/uploads\\\/Logo-AJOEM-Vertical-sin-fondo-e1773761667203.jpg\",\"datePublished\":\"2026-03-17T15:26:28+00:00\",\"dateModified\":\"2026-03-17T16:51:19+00:00\",\"breadcrumb\":{\"@id\":\"https:\\\/\\\/ajoem.net\\\/suscribete-en-ajoem\\\/#breadcrumb\"},\"inLanguage\":\"en-US\",\"potentialAction\":[{\"@type\":\"ReadAction\",\"target\":[\"https:\\\/\\\/ajoem.net\\\/suscribete-en-ajoem\\\/\"]}]},{\"@type\":\"ImageObject\",\"inLanguage\":\"en-US\",\"@id\":\"https:\\\/\\\/ajoem.net\\\/suscribete-en-ajoem\\\/#primaryimage\",\"url\":\"https:\\\/\\\/ajoem.net\\\/wp-content\\\/uploads\\\/Logo-AJOEM-Vertical-sin-fondo-e1773761667203.jpg\",\"contentUrl\":\"https:\\\/\\\/ajoem.net\\\/wp-content\\\/uploads\\\/Logo-AJOEM-Vertical-sin-fondo-e1773761667203.jpg\",\"width\":500,\"height\":500},{\"@type\":\"BreadcrumbList\",\"@id\":\"https:\\\/\\\/ajoem.net\\\/suscribete-en-ajoem\\\/#breadcrumb\",\"itemListElement\":[{\"@type\":\"ListItem\",\"position\":1,\"name\":\"Portada\",\"item\":\"https:\\\/\\\/ajoem.net\\\/\"},{\"@type\":\"ListItem\",\"position\":2,\"name\":\"Suscr\u00edbete en AJOEM\"}]},{\"@type\":\"WebSite\",\"@id\":\"https:\\\/\\\/ajoem.net\\\/#website\",\"url\":\"https:\\\/\\\/ajoem.net\\\/\",\"name\":\"AJOEM Asociaci\u00f3n de J\u00f3venes Emprendedores\",\"description\":\"Incubadora de Emprendedores\",\"publisher\":{\"@id\":\"https:\\\/\\\/ajoem.net\\\/#organization\"},\"potentialAction\":[{\"@type\":\"SearchAction\",\"target\":{\"@type\":\"EntryPoint\",\"urlTemplate\":\"https:\\\/\\\/ajoem.net\\\/?s={search_term_string}\"},\"query-input\":{\"@type\":\"PropertyValueSpecification\",\"valueRequired\":true,\"valueName\":\"search_term_string\"}}],\"inLanguage\":\"en-US\"},{\"@type\":\"Organization\",\"@id\":\"https:\\\/\\\/ajoem.net\\\/#organization\",\"name\":\"AJOEM Panam\u00e1\",\"url\":\"https:\\\/\\\/ajoem.net\\\/\",\"logo\":{\"@type\":\"ImageObject\",\"inLanguage\":\"en-US\",\"@id\":\"https:\\\/\\\/ajoem.net\\\/#\\\/schema\\\/logo\\\/image\\\/\",\"url\":\"https:\\\/\\\/ajoem.net\\\/wp-content\\\/uploads\\\/2017\\\/07\\\/ajoem.png\",\"contentUrl\":\"https:\\\/\\\/ajoem.net\\\/wp-content\\\/uploads\\\/2017\\\/07\\\/ajoem.png\",\"width\":971,\"height\":812,\"caption\":\"AJOEM Panam\u00e1\"},\"image\":{\"@id\":\"https:\\\/\\\/ajoem.net\\\/#\\\/schema\\\/logo\\\/image\\\/\"}}]}<\/script>\n<!-- \/ Yoast SEO plugin. -->","yoast_head_json":{"title":"Suscr\u00edbete en AJOEM - AJOEM Asociaci\u00f3n de J\u00f3venes Emprendedores","robots":{"index":"index","follow":"follow","max-snippet":"max-snippet:-1","max-image-preview":"max-image-preview:large","max-video-preview":"max-video-preview:-1"},"canonical":"https:\/\/ajoem.net\/en\/suscribete-en-ajoem\/","og_locale":"en_US","og_type":"article","og_title":"Suscr\u00edbete en AJOEM - AJOEM Asociaci\u00f3n de J\u00f3venes Emprendedores","og_description":"Suscr\u00edbete en nuestro newsletter","og_url":"https:\/\/ajoem.net\/en\/suscribete-en-ajoem\/","og_site_name":"AJOEM Asociaci\u00f3n de J\u00f3venes Emprendedores","article_modified_time":"2026-03-17T16:51:19+00:00","og_image":[{"width":500,"height":500,"url":"https:\/\/ajoem.net\/wp-content\/uploads\/Logo-AJOEM-Vertical-sin-fondo-e1773761667203.jpg","type":"image\/jpeg"}],"twitter_card":"summary_large_image","twitter_misc":{"Est. reading time":"1 minute"},"schema":{"@context":"https:\/\/schema.org","@graph":[{"@type":"WebPage","@id":"https:\/\/ajoem.net\/suscribete-en-ajoem\/","url":"https:\/\/ajoem.net\/suscribete-en-ajoem\/","name":"Suscr\u00edbete en AJOEM - AJOEM Asociaci\u00f3n de J\u00f3venes Emprendedores","isPartOf":{"@id":"https:\/\/ajoem.net\/#website"},"primaryImageOfPage":{"@id":"https:\/\/ajoem.net\/suscribete-en-ajoem\/#primaryimage"},"image":{"@id":"https:\/\/ajoem.net\/suscribete-en-ajoem\/#primaryimage"},"thumbnailUrl":"https:\/\/ajoem.net\/wp-content\/uploads\/Logo-AJOEM-Vertical-sin-fondo-e1773761667203.jpg","datePublished":"2026-03-17T15:26:28+00:00","dateModified":"2026-03-17T16:51:19+00:00","breadcrumb":{"@id":"https:\/\/ajoem.net\/suscribete-en-ajoem\/#breadcrumb"},"inLanguage":"en-US","potentialAction":[{"@type":"ReadAction","target":["https:\/\/ajoem.net\/suscribete-en-ajoem\/"]}]},{"@type":"ImageObject","inLanguage":"en-US","@id":"https:\/\/ajoem.net\/suscribete-en-ajoem\/#primaryimage","url":"https:\/\/ajoem.net\/wp-content\/uploads\/Logo-AJOEM-Vertical-sin-fondo-e1773761667203.jpg","contentUrl":"https:\/\/ajoem.net\/wp-content\/uploads\/Logo-AJOEM-Vertical-sin-fondo-e1773761667203.jpg","width":500,"height":500},{"@type":"BreadcrumbList","@id":"https:\/\/ajoem.net\/suscribete-en-ajoem\/#breadcrumb","itemListElement":[{"@type":"ListItem","position":1,"name":"Portada","item":"https:\/\/ajoem.net\/"},{"@type":"ListItem","position":2,"name":"Suscr\u00edbete en AJOEM"}]},{"@type":"WebSite","@id":"https:\/\/ajoem.net\/#website","url":"https:\/\/ajoem.net\/","name":"AJOEM Asociaci\u00f3n de J\u00f3venes Emprendedores","description":"Incubadora de Emprendedores","publisher":{"@id":"https:\/\/ajoem.net\/#organization"},"potentialAction":[{"@type":"SearchAction","target":{"@type":"EntryPoint","urlTemplate":"https:\/\/ajoem.net\/?s={search_term_string}"},"query-input":{"@type":"PropertyValueSpecification","valueRequired":true,"valueName":"search_term_string"}}],"inLanguage":"en-US"},{"@type":"Organization","@id":"https:\/\/ajoem.net\/#organization","name":"AJOEM Panam\u00e1","url":"https:\/\/ajoem.net\/","logo":{"@type":"ImageObject","inLanguage":"en-US","@id":"https:\/\/ajoem.net\/#\/schema\/logo\/image\/","url":"https:\/\/ajoem.net\/wp-content\/uploads\/2017\/07\/ajoem.png","contentUrl":"https:\/\/ajoem.net\/wp-content\/uploads\/2017\/07\/ajoem.png","width":971,"height":812,"caption":"AJOEM Panam\u00e1"},"image":{"@id":"https:\/\/ajoem.net\/#\/schema\/logo\/image\/"}}]}},"_links":{"self":[{"href":"https:\/\/ajoem.net\/en\/wp-json\/wp\/v2\/pages\/66995","targetHints":{"allow":["GET"]}}],"collection":[{"href":"https:\/\/ajoem.net\/en\/wp-json\/wp\/v2\/pages"}],"about":[{"href":"https:\/\/ajoem.net\/en\/wp-json\/wp\/v2\/types\/page"}],"author":[{"embeddable":true,"href":"https:\/\/ajoem.net\/en\/wp-json\/wp\/v2\/users\/28"}],"replies":[{"embeddable":true,"href":"https:\/\/ajoem.net\/en\/wp-json\/wp\/v2\/comments?post=66995"}],"version-history":[{"count":16,"href":"https:\/\/ajoem.net\/en\/wp-json\/wp\/v2\/pages\/66995\/revisions"}],"predecessor-version":[{"id":67020,"href":"https:\/\/ajoem.net\/en\/wp-json\/wp\/v2\/pages\/66995\/revisions\/67020"}],"wp:featuredmedia":[{"embeddable":true,"href":"https:\/\/ajoem.net\/en\/wp-json\/wp\/v2\/media\/67006"}],"wp:attachment":[{"href":"https:\/\/ajoem.net\/en\/wp-json\/wp\/v2\/media?parent=66995"}],"curies":[{"name":"wp","href":"https:\/\/api.w.org\/{rel}","templated":true}]}}